{"id":480,"date":"2018-11-27T09:17:08","date_gmt":"2018-11-27T09:17:08","guid":{"rendered":"https:\/\/websitedemos.net\/discover-outdoors\/?page_id=5"},"modified":"2026-02-23T12:04:31","modified_gmt":"2026-02-23T12:04:31","slug":"about","status":"publish","type":"page","link":"https:\/\/fruirtouring.com\/pt\/about\/","title":{"rendered":"Sobre"},"content":{"rendered":"<div data-elementor-type=\"wp-post\" data-elementor-id=\"480\" class=\"elementor elementor-480\">\n\t\t\t\t\t\t<section class=\"elementor-section elementor-top-section elementor-element elementor-element-d7d8b56 elementor-section-height-full elementor-section-items-top elementor-section-boxed elementor-section-height-default\" data-id=\"d7d8b56\" data-element_type=\"section\" data-e-type=\"section\" data-settings=\"{&quot;background_background&quot;:&quot;classic&quot;}\">\n\t\t\t\t\t\t\t<div class=\"elementor-background-overlay\"><\/div>\n\t\t\t\t\t\t\t<div class=\"elementor-container elementor-column-gap-default\">\n\t\t\t\t\t<div class=\"elementor-column elementor-col-100 elementor-top-column elementor-element elementor-element-fd69444\" data-id=\"fd69444\" data-element_type=\"column\" data-e-type=\"column\">\n\t\t\t<div class=\"elementor-widget-wrap elementor-element-populated\">\n\t\t\t\t\t\t<div class=\"elementor-element elementor-element-1ff413a elementor-view-default elementor-position-block-start elementor-mobile-position-block-start elementor-widget elementor-widget-icon-box\" data-id=\"1ff413a\" data-element_type=\"widget\" data-e-type=\"widget\" data-widget_type=\"icon-box.default\">\n\t\t\t\t<div class=\"elementor-widget-container\">\n\t\t\t\t\t\t\t<div class=\"elementor-icon-box-wrapper\">\n\n\t\t\t\t\t\t<div class=\"elementor-icon-box-icon\">\n\t\t\t\t<span  class=\"elementor-icon\">\n\t\t\t\t\t\t\t\t<\/span>\n\t\t\t<\/div>\n\t\t\t\n\t\t\t\t\t\t<div class=\"elementor-icon-box-content\">\n\n\t\t\t\t\t\t\t\t\t<h1 class=\"elementor-icon-box-title\">\n\t\t\t\t\t\t<span  >\n\t\t\t\t\t\t\tSobre n\u00f3s\t\t\t\t\t\t<\/span>\n\t\t\t\t\t<\/h1>\n\t\t\t\t\n\t\t\t\t\n\t\t\t<\/div>\n\t\t\t\n\t\t<\/div>\n\t\t\t\t\t\t<\/div>\n\t\t\t\t<\/div>\n\t\t\t\t\t<\/div>\n\t\t<\/div>\n\t\t\t\t\t<\/div>\n\t\t<\/section>\n\t\t\t\t<section class=\"elementor-section elementor-top-section elementor-element elementor-element-5c40d7b elementor-section-boxed elementor-section-height-default elementor-section-height-default\" data-id=\"5c40d7b\" data-element_type=\"section\" data-e-type=\"section\">\n\t\t\t\t\t\t<div class=\"elementor-container elementor-column-gap-default\">\n\t\t\t\t\t<div class=\"elementor-column elementor-col-50 elementor-top-column elementor-element elementor-element-2ebbf9c\" data-id=\"2ebbf9c\" data-element_type=\"column\" data-e-type=\"column\">\n\t\t\t<div class=\"elementor-widget-wrap elementor-element-populated\">\n\t\t\t\t\t\t<div class=\"elementor-element elementor-element-e5f497e elementor-widget elementor-widget-text-editor\" data-id=\"e5f497e\" data-element_type=\"widget\" data-e-type=\"widget\" data-widget_type=\"text-editor.default\">\n\t\t\t\t<div class=\"elementor-widget-container\">\n\t\t\t\t\t\t\t\t\t<h3 class=\"elementor-image-box-title elementor-inline-editing pen\" data-elementor-setting-key=\"title_text\" data-elementor-inline-editing-toolbar=\"none\" data-pen-placeholder=\"Type Here...\" style=\"font-style: normal; margin-bottom: 0px; text-align: center;\">O significado portugu\u00eas da palavra 'fruir' \u00e9 'apreciar', desfrutar. <\/h3>\t\t\t\t\t\t\t\t<\/div>\n\t\t\t\t<\/div>\n\t\t\t\t<div class=\"elementor-element elementor-element-5dcd18a elementor-widget elementor-widget-text-editor\" data-id=\"5dcd18a\" data-element_type=\"widget\" data-e-type=\"widget\" data-widget_type=\"text-editor.default\">\n\t\t\t\t<div class=\"elementor-widget-container\">\n\t\t\t\t\t\t\t\t\t<p style=\"font-size: 16px; font-style: normal; font-weight: 400; margin-bottom: 1.75em; color: rgb(34, 34, 34);\">Somos a FRuir Touring e estamos localizados em S\u00e3o Martinho do Porto, Portugal, numa das mais belas ba\u00edas naturais do mundo, na Costa Atl\u00e2ntica, regi\u00e3o Oeste.\nAqui h\u00e1 qualidade de vida, desfrutando da natureza, dos desportos n\u00e1uticos, da gastronomia, festas e arraiais.\nCom um Ver\u00e3o agitado mas n\u00e3o sobrelotado, com eventos e anima\u00e7\u00e3o, uma fant\u00e1stica Passagem de Ano e um Inverno mais tranquilo, perfeito para experi\u00eancias rom\u00e2nticas, relaxantes e personalizadas.<\/p>\n<p style=\"font-size: 16px; font-style: normal; font-weight: 400; margin-bottom: 1.75em; color: rgb(34, 34, 34);\"><br><\/p>\n<p style=\"font-size: 16px; font-style: normal; font-weight: 400; margin-bottom: 1.75em; color: rgb(34, 34, 34);\">Estamos perto de cidades vibrantes, vilas hist\u00f3ricas e medievais, praias e parques naturais.\nCaldas da Rainha, Alcoba\u00e7a, \u00d3bidos, Nazar\u00e9, Parque Natural Serras d\u00b4Aire e Candeeiros, todos s\u00e3o locais que recomendamos lhe mostrar. Tamb\u00e9m n\u00e3o estamos longe de F\u00e1tima, Porto de M\u00f3s, Batalha, Torres Novas, Tomar, Our\u00e9m, Mira d\u00b4Aire, cidades e locais religiosos, hist\u00f3ricos, arqueol\u00f3gicos e naturais.<\/p>\n<p style=\"font-size: 16px; font-style: normal; font-weight: 400; margin-bottom: 1.75em; color: rgb(34, 34, 34);\">Vis\u00e3o: na FRuir Touring temos uma vis\u00e3o respons\u00e1vel baseada na interpreta\u00e7\u00e3o real dos lugares e um objetivo de implementa\u00e7\u00e3o de a\u00e7\u00f5es que contribuam para o desenvolvimento local sustent\u00e1vel.&nbsp;<\/p>\n<p style=\"margin-bottom: 1.75em;\"><font color=\"#222222\">Miss\u00e3o: \u00c9 muito importante entender e interagir com a comunidade e recursos locais para contribuir para uma melhor qualidade de vida, dignidade e satisfa\u00e7\u00e3o dos nossos parceiros, colaboradores e clientes.<\/font><\/p>\n<p style=\"font-size: 16px; font-style: normal; font-weight: 400; margin-bottom: 1.75em; color: rgb(34, 34, 34);\">Proporcionamos experi\u00eancias aut\u00eanticas Portuguesas, que se identifiquem com o modo de vida real de determinados lugares.<\/p><p style=\"margin-bottom: 1.75em;\"><font color=\"#222222\">Os nossos tours at\u00e9 6 pessoas, s\u00e3o feitos num ve\u00edculo todo o terreno longo.<\/font><\/p><p style=\"margin-bottom: 1.75em;\"><font color=\"#222222\">Nas nossas caminhadas e experi\u00eancias imersivas na natureza, deixe-se envolver pelos seus sentidos e interpreta\u00e7\u0101o do \"estado da arte\" dos lugares.<\/font><\/p><p style=\"margin-bottom: 1.75em;\"><span style=\"font-size: 16px; color: rgb(34, 34, 34);\">Se preferir uma experi\u00eancia \u00e0 sua medida, diga-nos o que pretende. Um conceito diferente, transporte ou atividade pode ser realizado.<\/span><\/p>\n<p style=\"font-size: 16px; font-style: normal; font-weight: 400; margin-bottom: 1.75em; color: rgb(34, 34, 34);\"><span style=\"font-size: 16px; font-style: normal; font-weight: 400;\">Embarque connosco e tenha uma experi\u00eancia memor\u00e1vel.<\/span><\/p>\n<p style=\"font-size: 16px; font-style: normal; font-weight: 400; margin-bottom: 1.75em; color: rgb(34, 34, 34);\"><br><\/p>\n<p style=\"font-size: 16px; font-style: normal; font-weight: 400; margin-bottom: 1.75em; color: rgb(34, 34, 34);\"><br><\/p>\n<p style=\"font-size: 16px; font-style: normal; font-weight: 400; margin-bottom: 1.75em; color: rgb(34, 34, 34);\">&nbsp;<br><br><\/p>\t\t\t\t\t\t\t\t<\/div>\n\t\t\t\t<\/div>\n\t\t\t\t\t<\/div>\n\t\t<\/div>\n\t\t\t\t<div class=\"elementor-column elementor-col-50 elementor-top-column elementor-element elementor-element-e5fdae0\" data-id=\"e5fdae0\" data-element_type=\"column\" data-e-type=\"column\">\n\t\t\t<div class=\"elementor-widget-wrap elementor-element-populated\">\n\t\t\t\t\t\t<div class=\"elementor-element elementor-element-96b5b53 elementor-widget elementor-widget-image\" data-id=\"96b5b53\" data-element_type=\"widget\" data-e-type=\"widget\" data-widget_type=\"image.default\">\n\t\t\t\t<div class=\"elementor-widget-container\">\n\t\t\t\t\t\t\t\t\t\t\t\t<figure class=\"wp-caption\">\n\t\t\t\t\t\t\t\t\t\t<img fetchpriority=\"high\" decoding=\"async\" width=\"768\" height=\"1032\" src=\"https:\/\/fruirtouring.com\/wp-content\/uploads\/2019\/12\/2399A081-A39C-422D-963A-72D957CDE48B-768x1032.jpeg\" class=\"attachment-medium_large size-medium_large wp-image-524\" alt=\"\" srcset=\"https:\/\/fruirtouring.com\/wp-content\/uploads\/2019\/12\/2399A081-A39C-422D-963A-72D957CDE48B-768x1032.jpeg 768w, https:\/\/fruirtouring.com\/wp-content\/uploads\/2019\/12\/2399A081-A39C-422D-963A-72D957CDE48B-223x300.jpeg 223w, https:\/\/fruirtouring.com\/wp-content\/uploads\/2019\/12\/2399A081-A39C-422D-963A-72D957CDE48B-762x1024.jpeg 762w, https:\/\/fruirtouring.com\/wp-content\/uploads\/2019\/12\/2399A081-A39C-422D-963A-72D957CDE48B.jpeg 864w\" sizes=\"(max-width: 768px) 100vw, 768px\" \/>\t\t\t\t\t\t\t\t\t\t\t<figcaption class=\"widget-image-caption wp-caption-text\">Festival Medieval de \u00d3bidos<\/figcaption>\n\t\t\t\t\t\t\t\t\t\t<\/figure>\n\t\t\t\t\t\t\t\t\t<\/div>\n\t\t\t\t<\/div>\n\t\t\t\t\t<\/div>\n\t\t<\/div>\n\t\t\t\t\t<\/div>\n\t\t<\/section>\n\t\t\t\t<section class=\"elementor-section elementor-top-section elementor-element elementor-element-660da09 elementor-section-boxed elementor-section-height-default elementor-section-height-default\" data-id=\"660da09\" data-element_type=\"section\" data-e-type=\"section\">\n\t\t\t\t\t\t<div class=\"elementor-container elementor-column-gap-default\">\n\t\t\t\t\t<div class=\"elementor-column elementor-col-100 elementor-top-column elementor-element elementor-element-4805683\" data-id=\"4805683\" data-element_type=\"column\" data-e-type=\"column\">\n\t\t\t<div class=\"elementor-widget-wrap elementor-element-populated\">\n\t\t\t\t\t\t<div class=\"elementor-element elementor-element-a0384b1 elementor-widget elementor-widget-spacer\" data-id=\"a0384b1\" data-element_type=\"widget\" data-e-type=\"widget\" data-widget_type=\"spacer.default\">\n\t\t\t\t<div class=\"elementor-widget-container\">\n\t\t\t\t\t\t\t<div class=\"elementor-spacer\">\n\t\t\t<div class=\"elementor-spacer-inner\"><\/div>\n\t\t<\/div>\n\t\t\t\t\t\t<\/div>\n\t\t\t\t<\/div>\n\t\t\t\t\t<\/div>\n\t\t<\/div>\n\t\t\t\t\t<\/div>\n\t\t<\/section>\n\t\t\t\t<section class=\"elementor-section elementor-top-section elementor-element elementor-element-8f1cbcc elementor-section-boxed elementor-section-height-default elementor-section-height-default\" data-id=\"8f1cbcc\" data-element_type=\"section\" data-e-type=\"section\">\n\t\t\t\t\t\t<div class=\"elementor-container elementor-column-gap-default\">\n\t\t\t\t\t<div class=\"elementor-column elementor-col-100 elementor-top-column elementor-element elementor-element-4313f03\" data-id=\"4313f03\" data-element_type=\"column\" data-e-type=\"column\">\n\t\t\t<div class=\"elementor-widget-wrap elementor-element-populated\">\n\t\t\t\t\t\t<div class=\"elementor-element elementor-element-9f1e40a elementor-widget elementor-widget-image\" data-id=\"9f1e40a\" data-element_type=\"widget\" data-e-type=\"widget\" data-widget_type=\"image.default\">\n\t\t\t\t<div class=\"elementor-widget-container\">\n\t\t\t\t\t\t\t\t\t\t\t\t\t\t\t<img decoding=\"async\" width=\"768\" height=\"432\" src=\"https:\/\/fruirtouring.com\/wp-content\/uploads\/2019\/12\/3CE94137-5BCC-495A-AE6C-AE62654A793E-768x432.jpeg\" class=\"attachment-medium_large size-medium_large wp-image-525\" alt=\"\" srcset=\"https:\/\/fruirtouring.com\/wp-content\/uploads\/2019\/12\/3CE94137-5BCC-495A-AE6C-AE62654A793E-768x432.jpeg 768w, https:\/\/fruirtouring.com\/wp-content\/uploads\/2019\/12\/3CE94137-5BCC-495A-AE6C-AE62654A793E-300x169.jpeg 300w, https:\/\/fruirtouring.com\/wp-content\/uploads\/2019\/12\/3CE94137-5BCC-495A-AE6C-AE62654A793E-1024x576.jpeg 1024w, https:\/\/fruirtouring.com\/wp-content\/uploads\/2019\/12\/3CE94137-5BCC-495A-AE6C-AE62654A793E.jpeg 1280w\" sizes=\"(max-width: 768px) 100vw, 768px\" \/>\t\t\t\t\t\t\t\t\t\t\t\t\t\t\t<\/div>\n\t\t\t\t<\/div>\n\t\t\t\t\t<\/div>\n\t\t<\/div>\n\t\t\t\t\t<\/div>\n\t\t<\/section>\n\t\t\t\t<section class=\"elementor-section elementor-top-section elementor-element elementor-element-3c5d939 elementor-section-boxed elementor-section-height-default elementor-section-height-default\" data-id=\"3c5d939\" data-element_type=\"section\" data-e-type=\"section\">\n\t\t\t\t\t\t<div class=\"elementor-container elementor-column-gap-default\">\n\t\t\t\t\t<div class=\"elementor-column elementor-col-100 elementor-top-column elementor-element elementor-element-b139655\" data-id=\"b139655\" data-element_type=\"column\" data-e-type=\"column\">\n\t\t\t<div class=\"elementor-widget-wrap elementor-element-populated\">\n\t\t\t\t\t\t<div class=\"elementor-element elementor-element-3c6b476 elementor-widget elementor-widget-spacer\" data-id=\"3c6b476\" data-element_type=\"widget\" data-e-type=\"widget\" data-widget_type=\"spacer.default\">\n\t\t\t\t<div class=\"elementor-widget-container\">\n\t\t\t\t\t\t\t<div class=\"elementor-spacer\">\n\t\t\t<div class=\"elementor-spacer-inner\"><\/div>\n\t\t<\/div>\n\t\t\t\t\t\t<\/div>\n\t\t\t\t<\/div>\n\t\t\t\t\t<\/div>\n\t\t<\/div>\n\t\t\t\t\t<\/div>\n\t\t<\/section>\n\t\t\t\t<section class=\"elementor-section elementor-top-section elementor-element elementor-element-63b7623 elementor-section-boxed elementor-section-height-default elementor-section-height-default\" data-id=\"63b7623\" data-element_type=\"section\" data-e-type=\"section\">\n\t\t\t\t\t\t<div class=\"elementor-container elementor-column-gap-default\">\n\t\t\t\t\t<div class=\"elementor-column elementor-col-100 elementor-top-column elementor-element elementor-element-e1c268a\" data-id=\"e1c268a\" data-element_type=\"column\" data-e-type=\"column\">\n\t\t\t<div class=\"elementor-widget-wrap elementor-element-populated\">\n\t\t\t\t\t\t<div class=\"elementor-element elementor-element-e30c20c elementor-widget elementor-widget-google_maps\" data-id=\"e30c20c\" data-element_type=\"widget\" data-e-type=\"widget\" data-widget_type=\"google_maps.default\">\n\t\t\t\t<div class=\"elementor-widget-container\">\n\t\t\t\t\t\t\t<div class=\"elementor-custom-embed\">\n\t\t\t<iframe loading=\"lazy\"\n\t\t\t\t\tsrc=\"https:\/\/maps.google.com\/maps?q=sao%20martinho%20do%20porto%2C%20portugal&#038;t=m&#038;z=10&#038;output=embed&#038;iwloc=near\"\n\t\t\t\t\ttitle=\"sao martinho do porto, portugal\"\n\t\t\t\t\taria-label=\"sao martinho do porto, portugal\"\n\t\t\t><\/iframe>\n\t\t<\/div>\n\t\t\t\t\t\t<\/div>\n\t\t\t\t<\/div>\n\t\t\t\t\t<\/div>\n\t\t<\/div>\n\t\t\t\t\t<\/div>\n\t\t<\/section>\n\t\t\t\t<\/div>","protected":false},"excerpt":{"rendered":"<p>About US The Portuguese meaning of the word &#8216;fruir&#8217;, is &#8216;to enjoy&#8217;. We are FRuir Touring and we are located at S\u00e3o Martinho do Porto, Portugal, in one of the most beatifull natural bays of the world, in the Atlantic Sea. Here there is quality of life, enjoying nature, nautical sports, gastronomy, with a busy [&hellip;]<\/p>\n","protected":false},"author":1,"featured_media":0,"parent":0,"menu_order":0,"comment_status":"closed","ping_status":"closed","template":"","meta":{"_exactmetrics_skip_tracking":false,"_exactmetrics_sitenote_active":false,"_exactmetrics_sitenote_note":"","_exactmetrics_sitenote_category":0,"site-sidebar-layout":"no-sidebar","site-content-layout":"page-builder","ast-site-content-layout":"full-width-container","site-content-style":"unboxed","site-sidebar-style":"unboxed","ast-global-header-display":"","ast-banner-title-visibility":"","ast-main-header-display":"","ast-hfb-above-header-display":"","ast-hfb-below-header-display":"","ast-hfb-mobile-header-display":"","site-post-title":"","ast-breadcrumbs-content":"","ast-featured-img":"disabled","footer-sml-layout":"","ast-disable-related-posts":"","theme-transparent-header-meta":"enabled","adv-header-id-meta":"","stick-header-meta":"","header-above-stick-meta":"","header-main-stick-meta":"","header-below-stick-meta":"","astra-migrate-meta-layouts":"set","ast-page-background-enabled":"default","ast-page-background-meta":{"desktop":{"background-color":"","background-image":"","background-repeat":"repeat","background-position":"center center","background-size":"auto","background-attachment":"scroll","background-type":"","background-media":"","overlay-type":"","overlay-color":"","overlay-opacity":"","overlay-gradient":""},"tablet":{"background-color":"","background-image":"","background-repeat":"repeat","background-position":"center center","background-size":"auto","background-attachment":"scroll","background-type":"","background-media":"","overlay-type":"","overlay-color":"","overlay-opacity":"","overlay-gradient":""},"mobile":{"background-color":"","background-image":"","background-repeat":"repeat","background-position":"center center","background-size":"auto","background-attachment":"scroll","background-type":"","background-media":"","overlay-type":"","overlay-color":"","overlay-opacity":"","overlay-gradient":""}},"ast-content-background-meta":{"desktop":{"background-color":"var(--ast-global-color-5)","background-image":"","background-repeat":"repeat","background-position":"center center","background-size":"auto","background-attachment":"scroll","background-type":"","background-media":"","overlay-type":"","overlay-color":"","overlay-opacity":"","overlay-gradient":""},"tablet":{"background-color":"var(--ast-global-color-5)","background-image":"","background-repeat":"repeat","background-position":"center center","background-size":"auto","background-attachment":"scroll","background-type":"","background-media":"","overlay-type":"","overlay-color":"","overlay-opacity":"","overlay-gradient":""},"mobile":{"background-color":"var(--ast-global-color-5)","background-image":"","background-repeat":"repeat","background-position":"center center","background-size":"auto","background-attachment":"scroll","background-type":"","background-media":"","overlay-type":"","overlay-color":"","overlay-opacity":"","overlay-gradient":""}},"footnotes":""},"class_list":["post-480","page","type-page","status-publish","hentry"],"yoast_head":"<!-- This site is optimized with the Yoast SEO plugin v27.4 - https:\/\/yoast.com\/product\/yoast-seo-wordpress\/ -->\n<title>About - fruirtouring.com<\/title>\n<meta name=\"robots\" content=\"index, follow, max-snippet:-1, max-image-preview:large, max-video-preview:-1\" \/>\n<link rel=\"canonical\" href=\"https:\/\/fruirtouring.com\/pt\/about\/\" \/>\n<meta property=\"og:locale\" content=\"pt_PT\" \/>\n<meta property=\"og:type\" content=\"article\" \/>\n<meta property=\"og:title\" content=\"About - fruirtouring.com\" \/>\n<meta property=\"og:description\" content=\"About US The Portuguese meaning of the word &#8216;fruir&#8217;, is &#8216;to enjoy&#8217;. We are FRuir Touring and we are located at S\u00e3o Martinho do Porto, Portugal, in one of the most beatifull natural bays of the world, in the Atlantic Sea. Here there is quality of life, enjoying nature, nautical sports, gastronomy, with a busy [&hellip;]\" \/>\n<meta property=\"og:url\" content=\"https:\/\/fruirtouring.com\/pt\/about\/\" \/>\n<meta property=\"og:site_name\" content=\"fruirtouring.com\" \/>\n<meta property=\"article:modified_time\" content=\"2026-02-23T12:04:31+00:00\" \/>\n<meta property=\"og:image\" content=\"https:\/\/fruirtouring.com\/wp-content\/uploads\/2019\/12\/2399A081-A39C-422D-963A-72D957CDE48B-768x1032.jpeg\" \/>\n<meta name=\"twitter:card\" content=\"summary_large_image\" \/>\n<meta name=\"twitter:label1\" content=\"Tempo estimado de leitura\" \/>\n\t<meta name=\"twitter:data1\" content=\"2 minutos\" \/>\n<script type=\"application\/ld+json\" class=\"yoast-schema-graph\">{\"@context\":\"https:\\\/\\\/schema.org\",\"@graph\":[{\"@type\":\"WebPage\",\"@id\":\"https:\\\/\\\/fruirtouring.com\\\/about\\\/\",\"url\":\"https:\\\/\\\/fruirtouring.com\\\/about\\\/\",\"name\":\"About - fruirtouring.com\",\"isPartOf\":{\"@id\":\"https:\\\/\\\/fruirtouring.com\\\/#website\"},\"primaryImageOfPage\":{\"@id\":\"https:\\\/\\\/fruirtouring.com\\\/about\\\/#primaryimage\"},\"image\":{\"@id\":\"https:\\\/\\\/fruirtouring.com\\\/about\\\/#primaryimage\"},\"thumbnailUrl\":\"https:\\\/\\\/fruirtouring.com\\\/wp-content\\\/uploads\\\/2019\\\/12\\\/2399A081-A39C-422D-963A-72D957CDE48B-768x1032.jpeg\",\"datePublished\":\"2018-11-27T09:17:08+00:00\",\"dateModified\":\"2026-02-23T12:04:31+00:00\",\"breadcrumb\":{\"@id\":\"https:\\\/\\\/fruirtouring.com\\\/about\\\/#breadcrumb\"},\"inLanguage\":\"pt-PT\",\"potentialAction\":[{\"@type\":\"ReadAction\",\"target\":[\"https:\\\/\\\/fruirtouring.com\\\/about\\\/\"]}]},{\"@type\":\"ImageObject\",\"inLanguage\":\"pt-PT\",\"@id\":\"https:\\\/\\\/fruirtouring.com\\\/about\\\/#primaryimage\",\"url\":\"https:\\\/\\\/fruirtouring.com\\\/wp-content\\\/uploads\\\/2019\\\/12\\\/2399A081-A39C-422D-963A-72D957CDE48B-768x1032.jpeg\",\"contentUrl\":\"https:\\\/\\\/fruirtouring.com\\\/wp-content\\\/uploads\\\/2019\\\/12\\\/2399A081-A39C-422D-963A-72D957CDE48B-768x1032.jpeg\"},{\"@type\":\"BreadcrumbList\",\"@id\":\"https:\\\/\\\/fruirtouring.com\\\/about\\\/#breadcrumb\",\"itemListElement\":[{\"@type\":\"ListItem\",\"position\":1,\"name\":\"Home\",\"item\":\"https:\\\/\\\/fruirtouring.com\\\/\"},{\"@type\":\"ListItem\",\"position\":2,\"name\":\"About\"}]},{\"@type\":\"WebSite\",\"@id\":\"https:\\\/\\\/fruirtouring.com\\\/#website\",\"url\":\"https:\\\/\\\/fruirtouring.com\\\/\",\"name\":\"fruirtouring.com\",\"description\":\"\",\"potentialAction\":[{\"@type\":\"SearchAction\",\"target\":{\"@type\":\"EntryPoint\",\"urlTemplate\":\"https:\\\/\\\/fruirtouring.com\\\/?s={search_term_string}\"},\"query-input\":{\"@type\":\"PropertyValueSpecification\",\"valueRequired\":true,\"valueName\":\"search_term_string\"}}],\"inLanguage\":\"pt-PT\"}]}<\/script>\n<!-- \/ Yoast SEO plugin. -->","yoast_head_json":{"title":"About - fruirtouring.com","robots":{"index":"index","follow":"follow","max-snippet":"max-snippet:-1","max-image-preview":"max-image-preview:large","max-video-preview":"max-video-preview:-1"},"canonical":"https:\/\/fruirtouring.com\/pt\/about\/","og_locale":"pt_PT","og_type":"article","og_title":"About - fruirtouring.com","og_description":"About US The Portuguese meaning of the word &#8216;fruir&#8217;, is &#8216;to enjoy&#8217;. We are FRuir Touring and we are located at S\u00e3o Martinho do Porto, Portugal, in one of the most beatifull natural bays of the world, in the Atlantic Sea. Here there is quality of life, enjoying nature, nautical sports, gastronomy, with a busy [&hellip;]","og_url":"https:\/\/fruirtouring.com\/pt\/about\/","og_site_name":"fruirtouring.com","article_modified_time":"2026-02-23T12:04:31+00:00","og_image":[{"url":"https:\/\/fruirtouring.com\/wp-content\/uploads\/2019\/12\/2399A081-A39C-422D-963A-72D957CDE48B-768x1032.jpeg","type":"","width":"","height":""}],"twitter_card":"summary_large_image","twitter_misc":{"Tempo estimado de leitura":"2 minutos"},"schema":{"@context":"https:\/\/schema.org","@graph":[{"@type":"WebPage","@id":"https:\/\/fruirtouring.com\/about\/","url":"https:\/\/fruirtouring.com\/about\/","name":"About - fruirtouring.com","isPartOf":{"@id":"https:\/\/fruirtouring.com\/#website"},"primaryImageOfPage":{"@id":"https:\/\/fruirtouring.com\/about\/#primaryimage"},"image":{"@id":"https:\/\/fruirtouring.com\/about\/#primaryimage"},"thumbnailUrl":"https:\/\/fruirtouring.com\/wp-content\/uploads\/2019\/12\/2399A081-A39C-422D-963A-72D957CDE48B-768x1032.jpeg","datePublished":"2018-11-27T09:17:08+00:00","dateModified":"2026-02-23T12:04:31+00:00","breadcrumb":{"@id":"https:\/\/fruirtouring.com\/about\/#breadcrumb"},"inLanguage":"pt-PT","potentialAction":[{"@type":"ReadAction","target":["https:\/\/fruirtouring.com\/about\/"]}]},{"@type":"ImageObject","inLanguage":"pt-PT","@id":"https:\/\/fruirtouring.com\/about\/#primaryimage","url":"https:\/\/fruirtouring.com\/wp-content\/uploads\/2019\/12\/2399A081-A39C-422D-963A-72D957CDE48B-768x1032.jpeg","contentUrl":"https:\/\/fruirtouring.com\/wp-content\/uploads\/2019\/12\/2399A081-A39C-422D-963A-72D957CDE48B-768x1032.jpeg"},{"@type":"BreadcrumbList","@id":"https:\/\/fruirtouring.com\/about\/#breadcrumb","itemListElement":[{"@type":"ListItem","position":1,"name":"Home","item":"https:\/\/fruirtouring.com\/"},{"@type":"ListItem","position":2,"name":"About"}]},{"@type":"WebSite","@id":"https:\/\/fruirtouring.com\/#website","url":"https:\/\/fruirtouring.com\/","name":"fruirtouring.com","description":"","potentialAction":[{"@type":"SearchAction","target":{"@type":"EntryPoint","urlTemplate":"https:\/\/fruirtouring.com\/?s={search_term_string}"},"query-input":{"@type":"PropertyValueSpecification","valueRequired":true,"valueName":"search_term_string"}}],"inLanguage":"pt-PT"}]}},"_links":{"self":[{"href":"https:\/\/fruirtouring.com\/pt\/wp-json\/wp\/v2\/pages\/480","targetHints":{"allow":["GET"]}}],"collection":[{"href":"https:\/\/fruirtouring.com\/pt\/wp-json\/wp\/v2\/pages"}],"about":[{"href":"https:\/\/fruirtouring.com\/pt\/wp-json\/wp\/v2\/types\/page"}],"author":[{"embeddable":true,"href":"https:\/\/fruirtouring.com\/pt\/wp-json\/wp\/v2\/users\/1"}],"replies":[{"embeddable":true,"href":"https:\/\/fruirtouring.com\/pt\/wp-json\/wp\/v2\/comments?post=480"}],"version-history":[{"count":93,"href":"https:\/\/fruirtouring.com\/pt\/wp-json\/wp\/v2\/pages\/480\/revisions"}],"predecessor-version":[{"id":1262,"href":"https:\/\/fruirtouring.com\/pt\/wp-json\/wp\/v2\/pages\/480\/revisions\/1262"}],"wp:attachment":[{"href":"https:\/\/fruirtouring.com\/pt\/wp-json\/wp\/v2\/media?parent=480"}],"curies":[{"name":"wp","href":"https:\/\/api.w.org\/{rel}","templated":true}]}}